{"id":76,"date":"2023-03-23T18:07:47","date_gmt":"2023-03-23T18:07:47","guid":{"rendered":"https:\/\/plugfood.com.br\/web\/index.php\/mesmerize\/"},"modified":"2023-10-17T14:49:15","modified_gmt":"2023-10-17T14:49:15","slug":"mesmerize","status":"publish","type":"page","link":"https:\/\/plugfood.com.br\/web\/","title":{"rendered":"Front Page"},"content":{"rendered":"<div  data-label=\"Vantagens\" data-id=\"features--1\" data-export-id=\"features-16-card-bordered\" data-category=\"features\" class=\"features-16-card-bordered content-section content-section-spacing\" id=\"vantagens\" style=\"background-color: rgb(245, 250, 253);\"><div  class=\"gridContainer\"> <div  class=\"row text-center\"><div  class=\"section-title-col\" data-type=\"column\"> <h2  class=\"\">Vantagens do Plug Food<\/h2> <p  class=\"lead\">O Plug Food foi desenvolvido exclusivamente pensando no crescimento do seu estabelecimento, de modo que voc\u00ea aumente suas vendas e gere economia para sua empresa!<\/p><\/div> <\/div> <div  class=\"row spaced-cols\" data-type=\"row\"> <div  class=\"col-xs-12 col-sm-6 col-md-6 \"> <div  class=\"card no-padding bordered y-move\"> <img  decoding=\"async\" class=\"face\" src=\"https:\/\/plugfood.com.br\/web\/wp-content\/uploads\/2023\/03\/foto06.jpg\" title=\"\" alt=\"\"> <div  data-type=\"column\" class=\"col-padding-small col-padding-small-xs description-container\"> <h4  class=\"font-500\">Atende todas as plataformas: IOS, Android e WhatsApp<\/h4> <p  class=\"\">O Plug Food atende todas as plataformas, sem taxa de instala\u00e7\u00e3o! Android, IOS , WhatsApp e tamb\u00e9m pode ser linkado diretamente no seu site.<\/p><\/div> <div  data-type=\"column\" class=\"col-padding-small col-padding-small-xs read-more-container\"><\/div> <\/div><\/div> <div  class=\"col-xs-12 col-sm-6 col-md-6 \"><div  class=\"card no-padding bordered y-move\"> <img  decoding=\"async\" class=\"face\" src=\"https:\/\/plugfood.com.br\/web\/wp-content\/uploads\/2023\/03\/FOTO11.jpg\" title=\"\" alt=\"\"> <div  data-type=\"column\" class=\"col-padding-small col-padding-small-xs description-container\"> <h4  class=\"font-500\">Livre-se da concorr\u00eancia!<\/h4> <p  class=\"\">Com o Plug Food voc\u00ea n\u00e3o precisa competir com milhares de outros estabelecimentos concorrentes e perder vendas diariamente. Voc\u00ea ter\u00e1 um aplicativo exclusivo onde seus clientes poder\u00e3o fazer pedidos diretamente para a sua empresa.<\/p><\/div> <div  data-type=\"column\" class=\"col-padding-small col-padding-small-xs read-more-container\"><\/div> <\/div><\/div> <div  class=\"col-xs-12 col-sm-6 col-md-6 \"><div  class=\"card no-padding bordered y-move\"> <img  decoding=\"async\" class=\"face\" src=\"https:\/\/plugfood.com.br\/web\/wp-content\/uploads\/2023\/03\/foto08.jpg\" title=\"\" alt=\"\"> <div  data-type=\"column\" class=\"col-padding-small col-padding-small-xs description-container\"> <h4  class=\"font-500\">Fidelize seus clientes<\/h4> <p  class=\"\">Com o Plug Food seus clientes fazem pedidos diretamente no seu estabelecimento e voc\u00ea ainda pode criar programas de fidelidade, promo\u00e7\u00f5es e benef\u00edcios exclusivos para fidelizar ainda mais seu p\u00fablico.<\/p><\/div> <div  data-type=\"column\" class=\"col-padding-small col-padding-small-xs read-more-container\"><\/div> <\/div><\/div> <div  class=\"col-xs-12 col-sm-6 col-md-6 \"> <div  class=\"card no-padding bordered y-move\"> <img  decoding=\"async\" class=\"face\" src=\"https:\/\/plugfood.com.br\/web\/wp-content\/uploads\/2023\/03\/foto10.jpg\" title=\"\" alt=\"\"> <div  data-type=\"column\" class=\"col-padding-small col-padding-small-xs description-container\"> <h4  class=\"font-500\">Sem comissionamento<\/h4> <p  class=\"\">N\u00e3o pague comiss\u00f5es por seus pedidos! Com o Plug Food seu estabelecimento tem canais de vendas pr\u00f3prios e voc\u00ea n\u00e3o precisa pagar taxas de comissionamento para terceiros.<\/p><\/div> <div  data-type=\"column\" class=\"col-padding-small col-padding-small-xs read-more-container\"><\/div> <\/div><\/div><\/div><\/div> <\/div><div  id=\"telas\" style=\"background-color: #f5fafd;\" data-label=\"Telas\" data-id=\"portfolio-4\" data-export-id=\"portfolio-4\" data-category=\"portfolio\" class=\"portfolio-4 content-section content-section-spacing-top\"><div  class=\"\"> <div  class=\"row text-center\"><div  class=\"section-title-col\" data-type=\"column\"> <h2  class=\"\">Telas<\/h2> <p  class=\"lead\">Veja abaixo a interface do aplicativo e as op\u00e7\u00f5es que ele oferecer\u00e1 para o seu cliente.<\/p><\/div> <\/div> <div  data-type=\"row\" class=\"row\" data-fixed=\"true\"> <div  class=\"col-xs-12 col-sm-3 no-gutter-col\"> <div  class=\"contentswap-effect\" data-hover-fx=\"portfolio-4\"> <div  class=\"initial-image\"> <img  decoding=\"async\" data-size=\"542x360\" src=\"https:\/\/plugfood.com.br\/web\/wp-content\/uploads\/2023\/03\/tela01.jpg\"><\/div> <div  class=\"overlay bg-color1\"><\/div> <div  class=\"swap-inner col-xs-12\"> <div  class=\"row full-height-row middle-xs middle-sm\"> <div  class=\"col-xs-12 text-center content-holder\"> <a href=\"https:\/\/plugfood.com.br\/web\" target=\"_self\" rel=\"noopener\"><i  class=\"fa icon portfolio-icon fa-search big\" aria-hidden=\"true\"><\/i><\/a><\/div> <\/div><\/div> <\/div><\/div> <div  class=\"col-xs-12 col-sm-3 no-gutter-col\"><div  class=\"contentswap-effect\" data-hover-fx=\"portfolio-4\"> <div  class=\"initial-image\"> <img  decoding=\"async\" data-size=\"542x360\" src=\"https:\/\/plugfood.com.br\/web\/wp-content\/uploads\/2023\/03\/tela02-1.jpg\"><\/div> <div  class=\"overlay bg-color1\"><\/div> <div  class=\"swap-inner col-xs-12\"> <div  class=\"row full-height-row middle-xs middle-sm\"> <div  class=\"col-xs-12 text-center content-holder\"> <a href=\"https:\/\/plugfood.com.br\/web\/wp-content\/uploads\/2023\/03\/tela04.jpg\" target=\"_self\" rel=\"noopener\" class=\"\"><i  class=\"fa icon portfolio-icon fa-search big\" aria-hidden=\"true\"><\/i><\/a><\/div> <\/div><\/div> <\/div><\/div> <div  class=\"col-xs-12 col-sm-3 no-gutter-col\"><div  class=\"contentswap-effect\" data-hover-fx=\"portfolio-4\"> <div  class=\"initial-image\"> <img  decoding=\"async\" data-size=\"542x360\" src=\"https:\/\/plugfood.com.br\/web\/wp-content\/uploads\/2023\/03\/TELA03.jpg\"><\/div> <div  class=\"overlay bg-color1\"><\/div> <div  class=\"swap-inner col-xs-12\"> <div  class=\"row full-height-row middle-xs middle-sm\"> <div  class=\"col-xs-12 text-center content-holder\"> <a href=\"#\" target=\"_self\" rel=\"noopener\"><i  class=\"fa icon portfolio-icon fa-search big\" aria-hidden=\"true\"><\/i><\/a><\/div> <\/div><\/div> <\/div><\/div> <div  class=\"col-xs-12 col-sm-3 no-gutter-col\"><div  class=\"contentswap-effect\" data-hover-fx=\"portfolio-4\"> <div  class=\"initial-image\"> <img  decoding=\"async\" data-size=\"542x360\" src=\"https:\/\/plugfood.com.br\/web\/wp-content\/uploads\/2023\/03\/TELA04-1.jpg\"><\/div> <div  class=\"overlay bg-color1\"><\/div> <div  class=\"swap-inner col-xs-12\"> <div  class=\"row full-height-row middle-xs middle-sm\"> <div  class=\"col-xs-12 text-center content-holder\"> <a href=\"#\" target=\"_self\" rel=\"noopener\"><i  class=\"fa icon portfolio-icon fa-search big\" aria-hidden=\"true\"><\/i><\/a><\/div> <\/div><\/div> <\/div><\/div> <div  class=\"col-xs-12 col-sm-3 no-gutter-col\"><div  class=\"contentswap-effect\" data-hover-fx=\"portfolio-4\"> <div  class=\"initial-image\"> <img  decoding=\"async\" data-size=\"542x360\" src=\"https:\/\/plugfood.com.br\/web\/wp-content\/uploads\/2023\/03\/tela05.jpg\"><\/div> <div  class=\"overlay bg-color1\"><\/div> <div  class=\"swap-inner col-xs-12\"> <div  class=\"row full-height-row middle-xs middle-sm\"> <div  class=\"col-xs-12 text-center content-holder\"> <a href=\"#\" target=\"_self\" rel=\"noopener\"><i  class=\"fa icon portfolio-icon fa-search big\" aria-hidden=\"true\"><\/i><\/a><\/div> <\/div><\/div> <\/div><\/div> <div  class=\"col-xs-12 col-sm-3 no-gutter-col\"><div  class=\"contentswap-effect\" data-hover-fx=\"portfolio-4\"> <div  class=\"initial-image\"> <img  decoding=\"async\" data-size=\"542x360\" src=\"https:\/\/plugfood.com.br\/web\/wp-content\/uploads\/2023\/03\/tela06-1.jpg\"><\/div> <div  class=\"overlay bg-color1\"><\/div> <div  class=\"swap-inner col-xs-12\"> <div  class=\"row full-height-row middle-xs middle-sm\"> <div  class=\"col-xs-12 text-center content-holder\"> <a href=\"#\" target=\"_self\" rel=\"noopener\"><i  class=\"fa icon portfolio-icon fa-search big\" aria-hidden=\"true\"><\/i><\/a><\/div> <\/div><\/div> <\/div><\/div> <div  class=\"col-xs-12 col-sm-3 no-gutter-col\"><div  class=\"contentswap-effect\" data-hover-fx=\"portfolio-4\"> <div  class=\"initial-image\"> <img  decoding=\"async\" data-size=\"542x360\" src=\"https:\/\/plugfood.com.br\/web\/wp-content\/uploads\/2023\/03\/tela07.jpg\"><\/div> <div  class=\"overlay bg-color1\"><\/div> <div  class=\"swap-inner col-xs-12\"> <div  class=\"row full-height-row middle-xs middle-sm\"> <div  class=\"col-xs-12 text-center content-holder\"> <a href=\"#\" target=\"_self\" rel=\"noopener\"><i  class=\"fa icon portfolio-icon fa-search big\" aria-hidden=\"true\"><\/i><\/a><\/div> <\/div><\/div> <\/div><\/div> <div  class=\"col-xs-12 col-sm-3 no-gutter-col\"><div  class=\"contentswap-effect\" data-hover-fx=\"portfolio-4\"> <div  class=\"initial-image\"> <img  decoding=\"async\" data-size=\"542x360\" src=\"https:\/\/plugfood.com.br\/web\/wp-content\/uploads\/2023\/03\/tela08-1.jpg\"><\/div> <div  class=\"overlay bg-color1\"><\/div> <div  class=\"swap-inner col-xs-12\"> <div  class=\"row full-height-row middle-xs middle-sm\"> <div  class=\"col-xs-12 text-center content-holder\"> <a href=\"#\" target=\"_self\" rel=\"noopener\"><i  class=\"fa icon portfolio-icon fa-search big\" aria-hidden=\"true\"><\/i><\/a><\/div> <\/div><\/div> <\/div><\/div> <\/div><\/div> <\/div><div  id=\"planos\" style=\"background-color: #ffffff;\" data-label=\"Testimonials\" data-id=\"testimonials-5\" data-export-id=\"testimonials-5\" data-category=\"testimonials\" class=\"testimonials-5 content-section content-section-spacing\"><div  class=\"\"> <div  class=\"row\"><div  data-type=\"column\" class=\"section-title-col\"> <h2  class=\"\">Planos<\/h2> <p  class=\"lead\">Escolha o plano que deseja e come\u00e7e a utizar agora mesmo:<\/p><\/div> <\/div> <div  class=\"row spaced-cols content-left-sm\" data-type=\"row\"> <div  class=\"col-xs-12 col-sm-6 col-md-4\"> <div  class=\"card y-move bordered\" data-type=\"column\"> <a  data-cp-link=\"1\" href=\"#\" class=\"\"><img  decoding=\"async\" src=\"https:\/\/plugfood.com.br\/web\/wp-content\/uploads\/2023\/03\/164608.png\" class=\"round icon\"><\/a><h6  class=\"\">PLANO B\u00c1SICO \u2013 Web App<\/h6> <p  class=\"text-center\">Web App Personalizado.<br >\n<br >Produtos ilimitados.<br >\u00c1rea administrativa.<br ><br >Pedidos para Android, Iphone e Whats App&nbsp; atrav\u00e9s do navegador web.\n<br ><br >Impress\u00e3o autom\u00e1tica de pedidos.&nbsp;<br >\n<br >Meios de recebimento direto no app :<br >Cart\u00e3o de cr\u00e9dito via aplicativo (Mercado Pago)\n<br >* Taxa de transa\u00e7\u00e3o: R$ 2,99 + taxas do Mercado Pago \u2013 Opcional.<br ><br >Meios de recebimento offline:&nbsp;\n<br >Dinheiro, Vale Refei\u00e7\u00e3o, D\u00e9bito, Cr\u00e9dito, etc.\n<br >* Taxa por transa\u00e7\u00e3o: nenhuma<\/p>   <a class=\"button blue\" href=\"https:\/\/plugfood.com.br\/web\/#contato\" target=\"_self\" data-cp-link=\"1\" rel=\"noopener\">CONSULTE<\/a><\/div> <\/div> <div  class=\"col-xs-12 col-sm-6 col-md-4\"> <div  class=\"card y-move bordered\" data-type=\"column\"> <img  decoding=\"async\" src=\"https:\/\/plugfood.com.br\/web\/wp-content\/uploads\/2023\/03\/1413863.png\" class=\"round icon\" title=\"\" alt=\"\"><h6  class=\"\">PLANO MASTER \u2013 Web App + App Android<\/h6> <p  class=\"text-center\">Web App Personalizado + Aplicativo na Google Play para Android.<br ><br >Produtos ilimitados.<br >\u00c1rea administrativa.\n<br >Publicidade promocional atrav\u00e9s de push message para usu\u00e1rios do Android.<br ><br >Impress\u00e3o autom\u00e1tica de pedidos.\n<br ><br >App nativo para Android e WebApp para pedidos via navegador (Iphone e Whats App).<br ><br >Meios de recebimento direto no app:<br >Cart\u00e3o de cr\u00e9dito via aplicativo (Mercado Pago)<br >* Taxa de transa\u00e7\u00e3o: R$ 0,99 + taxas do Mercado Pago&nbsp;\u2013 Opcional.<br ><br >Meios de recebimento offline: <br >Dinheiro, Vale Refei\u00e7\u00e3o, D\u00e9bito, Cr\u00e9dito, etc.<br >* Taxa por transa\u00e7\u00e3o: nenhuma<\/p>   <a class=\"button blue\" href=\"https:\/\/plugfood.com.br\/web\/#contato\" target=\"_self\" data-cp-link=\"1\" rel=\"noopener\">CONSULTE<\/a><\/div> <\/div> <div  class=\"col-xs-12 col-sm-6 col-md-4\"> <div  class=\"card y-move bordered\" data-type=\"column\"> <img  decoding=\"async\" src=\"https:\/\/plugfood.com.br\/web\/wp-content\/uploads\/2023\/03\/6180080.png\" class=\"round icon\" title=\"\" alt=\"\"><h6  class=\"\">PLANO PREMIUM \u2013 Web App + App Android + App IOS<\/h6> <p  class=\"text-center\">Web App Personalizado + Aplicativo na Google Play para Android + Aplicativo na Apple Store para Iphone.<br ><br >App Personalizado.<br >Produtos ilimitados.<br >\u00c1rea administrativa.\n<br ><br >Publicidade promocional atrav\u00e9s de push message para usu\u00e1rios do Android e Iphone.<br ><br >Impress\u00e3o autom\u00e1tica de pedidos<br >\n<br >App nativo para Android, App nativo para IOS e WebApp para pedidos via Whats App e WebSite.<br ><br >Meios de recebimento direto no app:<br >Cart\u00e3o de cr\u00e9dito via aplicativo (Mercado Pago)<br >* Taxa de transa\u00e7\u00e3o: R$ 0,99 + taxas do Mercado Pago&nbsp;\u2013 Opcional.\n<br ><br >Meios de recebimento offline: <br >Dinheiro, Vale Refei\u00e7\u00e3o, D\u00e9bito, Cr\u00e9dito, etc.<br >* Taxa por transa\u00e7\u00e3o: nenhuma<\/p>   <a class=\"button blue\" href=\"https:\/\/plugfood.com.br\/web\/#contato\" target=\"_self\" data-cp-link=\"1\" rel=\"noopener\">CONSULTE<\/a><\/div> <\/div><\/div> <\/div><\/div><div  id=\"demo\" data-label=\"Cta\" data-id=\"cta-blue-section\" data-export-id=\"cta-blue-section\" data-category=\"cta\" class=\"cta-blue-section content-section content-section-spacing-medium bg-color1 white-text\"><div  class=\"gridContainer\"> <div  class=\"row middle-xs\"><div  class=\"col-sm-8 space-bottom-xs\" data-type=\"column\">  <h2  class=\"\">Acesse o app de demonstra\u00e7\u00e3o<\/h2><h4  class=\"\">Solicite agora o nosso app de demonstra\u00e7\u00e3o para ter uma id\u00e9ia de como seu aplicativo ir\u00e1 funcionar. Lembrando que ele ser\u00e1 personalizado com o logotipo e as fotos do seu estabelecimento.<\/h4><\/div> <div  class=\"col-sm-4 end-sm\" data-type=\"column\"> <a class=\"button color2\" href=\"https:\/\/plugfood.com.br\/web\/#contato\" target=\"_self\" data-cp-link=\"1\" rel=\"noopener\">SOLICITE AGORA<\/a><\/div> <\/div><\/div> <\/div><div  id=\"contato\" data-label=\"Contact\" data-id=\"contact-1\" data-export-id=\"contact-1\" data-category=\"contact\" class=\"contact-1 content-section content-section-spacing white-text\" data-parallax-depth=\"20\" style=\"background-image: url(&quot;https:\/\/plugfood.com.br\/web\/wp-content\/uploads\/2023\/03\/top-view-person-writing-laptop-with-copy-space-scaled.jpg&quot;); background-size: cover; background-position: center top;\"><div  class=\"\"> <div  class=\"row text-center\"><div  class=\"section-title-col\" data-type=\"column\"> <h2  class=\"\">Contato<\/h2> <p  class=\"lead\">Tem alguma d\u00favida? Preencha os campos abaixo e responderemos assim que poss\u00edvel!<\/p><\/div> <\/div> <div  class=\"row text-center\"> <div  class=\"col-xs-12 col-sm-8 col-sm-offset-2 contact-form-wrapper inline-info\"> <div  class=\"card large-padding\"> <div  class=\"\" data-content-shortcode=\"mesmerize_contact_form shortcode=&quot;contact-form-7 id=&amp;amp;quot;172&amp;amp;quot; title=&amp;amp;quot;Formul\u00e1rio de contato 1&amp;amp;quot;&quot;\" data-editable=\"true\">\n<div class=\"wpcf7 no-js\" id=\"wpcf7-f172-o1\" lang=\"pt-BR\" dir=\"ltr\">\n<div class=\"screen-reader-response\"><p role=\"status\" aria-live=\"polite\" aria-atomic=\"true\"><\/p> <ul><\/ul><\/div>\n<form action=\"\/web\/wp-json\/wp\/v2\/pages\/76#wpcf7-f172-o1\" method=\"post\" class=\"wpcf7-form init\" aria-label=\"Formul\u00e1rios de contato\" novalidate=\"novalidate\" data-status=\"init\">\n<div style=\"display: none;\">\n<input type=\"hidden\" name=\"_wpcf7\" value=\"172\" \/>\n<input type=\"hidden\" name=\"_wpcf7_version\" value=\"5.7.5.1\" \/>\n<input type=\"hidden\" name=\"_wpcf7_locale\" value=\"pt_BR\" \/>\n<input type=\"hidden\" name=\"_wpcf7_unit_tag\" value=\"wpcf7-f172-o1\" \/>\n<input type=\"hidden\" name=\"_wpcf7_container_post\" value=\"0\" \/>\n<input type=\"hidden\" name=\"_wpcf7_posted_data_hash\" value=\"\" \/>\n<\/div>\n<p><label> Seu nome<br \/>\n<span class=\"wpcf7-form-control-wrap\" data-name=\"your-name\"><input size=\"40\" class=\"wpcf7-form-control wpcf7-text wpcf7-validates-as-required\" autocomplete=\"name\" aria-required=\"true\" aria-invalid=\"false\" value=\"\" type=\"text\" name=\"your-name\" \/><\/span> <\/label>\n<\/p>\n<p><label> Seu e-mail<br \/>\n<span class=\"wpcf7-form-control-wrap\" data-name=\"your-email\"><input size=\"40\" class=\"wpcf7-form-control wpcf7-text wpcf7-email wpcf7-validates-as-required wpcf7-validates-as-email\" autocomplete=\"email\" aria-required=\"true\" aria-invalid=\"false\" value=\"\" type=\"email\" name=\"your-email\" \/><\/span> <\/label>\n<\/p>\n<p><label> Seu telefone <\/label><br \/>\n<span class=\"wpcf7-form-control-wrap\" data-name=\"tel-532\"><input size=\"40\" class=\"wpcf7-form-control wpcf7-text wpcf7-tel wpcf7-validates-as-required wpcf7-validates-as-tel\" aria-required=\"true\" aria-invalid=\"false\" value=\"\" type=\"tel\" name=\"tel-532\" \/><\/span>\n<\/p>\n<p><label> Assunto<br \/>\n<span class=\"wpcf7-form-control-wrap\" data-name=\"your-subject\"><input size=\"40\" class=\"wpcf7-form-control wpcf7-text wpcf7-validates-as-required\" aria-required=\"true\" aria-invalid=\"false\" value=\"\" type=\"text\" name=\"your-subject\" \/><\/span> <\/label>\n<\/p>\n<p><label> Sua mensagem<br \/>\n<span class=\"wpcf7-form-control-wrap\" data-name=\"your-message\"><textarea cols=\"40\" rows=\"10\" class=\"wpcf7-form-control wpcf7-textarea wpcf7-validates-as-required\" aria-required=\"true\" aria-invalid=\"false\" name=\"your-message\"><\/textarea><\/span> <\/label>\n<\/p>\n<p><input class=\"wpcf7-form-control has-spinner wpcf7-submit\" type=\"submit\" value=\"Enviar\" \/>\n<\/p><p style=\"display: none !important;\"><label>&#916;<textarea name=\"_wpcf7_ak_hp_textarea\" cols=\"45\" rows=\"8\" maxlength=\"100\"><\/textarea><\/label><input type=\"hidden\" id=\"ak_js_1\" name=\"_wpcf7_ak_js\" value=\"72\"\/><script>document.getElementById( \"ak_js_1\" ).setAttribute( \"value\", ( new Date() ).getTime() );<\/script><\/p><div class=\"wpcf7-response-output\" aria-hidden=\"true\"><\/div>\n<\/form>\n<\/div>\n<\/div><\/div> <\/div><\/div> <\/div><\/div>","protected":false},"excerpt":{"rendered":"<p>Vantagens do Plug Food O Plug Food foi desenvolvido exclusivamente pensando no crescimento do seu estabelecimento, de modo que voc\u00ea aumente suas vendas e gere economia para sua empresa! Atende todas as plataformas: IOS, Android e WhatsApp O Plug Food atende todas as plataformas, sem taxa de instala\u00e7\u00e3o! Android, IOS , WhatsApp e tamb\u00e9m pode&hellip; <br \/> <a class=\"read-more\" href=\"https:\/\/plugfood.com.br\/web\/\">Leia mais<\/a><\/p>\n","protected":false},"author":1,"featured_media":0,"parent":0,"menu_order":0,"comment_status":"closed","ping_status":"closed","template":"page-templates\/homepage.php","meta":{"footnotes":""},"_links":{"self":[{"href":"https:\/\/plugfood.com.br\/web\/wp-json\/wp\/v2\/pages\/76"}],"collection":[{"href":"https:\/\/plugfood.com.br\/web\/wp-json\/wp\/v2\/pages"}],"about":[{"href":"https:\/\/plugfood.com.br\/web\/wp-json\/wp\/v2\/types\/page"}],"author":[{"embeddable":true,"href":"https:\/\/plugfood.com.br\/web\/wp-json\/wp\/v2\/users\/1"}],"replies":[{"embeddable":true,"href":"https:\/\/plugfood.com.br\/web\/wp-json\/wp\/v2\/comments?post=76"}],"version-history":[{"count":32,"href":"https:\/\/plugfood.com.br\/web\/wp-json\/wp\/v2\/pages\/76\/revisions"}],"predecessor-version":[{"id":251,"href":"https:\/\/plugfood.com.br\/web\/wp-json\/wp\/v2\/pages\/76\/revisions\/251"}],"wp:attachment":[{"href":"https:\/\/plugfood.com.br\/web\/wp-json\/wp\/v2\/media?parent=76"}],"curies":[{"name":"wp","href":"https:\/\/api.w.org\/{rel}","templated":true}]}}