{"id":10,"date":"2023-03-22T20:00:22","date_gmt":"2023-03-22T20:00:22","guid":{"rendered":"https:\/\/plugfood.com.br\/web\/?page_id=10"},"modified":"2023-08-09T20:21:15","modified_gmt":"2023-08-09T20:21:15","slug":"sobre","status":"publish","type":"page","link":"https:\/\/plugfood.com.br\/web\/sobre\/","title":{"rendered":"Sobre o app"},"content":{"rendered":"\n<h3 class=\"wp-block-heading\">O QUE \u00c9 O PLUG FOOD<\/h3>\n\n\n\n<p>Os pedidos via smartphones e whats app vem crescendo a cada dia, e esta \u00e9 uma realidade que n\u00e3o pode mais ser desprezada. Pensando nisso, criamos o Plug Food, um aplicativo totalmente online, exclusivo para o seu estabelecimento. Com ele voc\u00ea poder\u00e1 receber pedidos de seus clientes realizados atrav\u00e9s de smartphones ou via whats app e gerenci\u00e1-los por meio de sua \u00e1rea administrativa. Voc\u00ea poder\u00e1 controlar todos os pedidos realizados e clientes cadastrados atrav\u00e9s de sua \u00e1rea administrativa.<\/p>\n\n\n\n<p>Com o Plug Food voc\u00ea pode vender o que quiser, pizzas, comida chinesa, lanches, past\u00e9is, massas, pratos, etc.<\/p>\n\n\n\n<p>Ele funciona em qualquer segmento: pizzarias, hamburguerias, restaurante japon\u00eas, restaurante italiano, restaurante chin\u00eas, pastelarias, casas de bolo, sorveterias, restaurante a la carte, churrascarias, padarias, lojas de congelados, e muito mais.<\/p>\n\n\n\n<p><\/p>\n\n\n\n<p><\/p>\n\n\n\n<h3 class=\"wp-block-heading\">DIFERENCIAIS<\/h3>\n\n\n\n<p>Com o Plug Food voc\u00ea est\u00e1 livre de concorr\u00eancia, j\u00e1 que o aplicativo \u00e9 exclusivo para o seu estabelecimento. Para que utilizar um aplicativo coletivo onde todos os seus concorrentes tamb\u00e9m est\u00e3o? O Plug Food \u00e9 uma \u00f3tima ferramenta para fidelizar ainda mais seus clientes!<\/p>\n\n\n\n<p><\/p>\n\n\n\n<p><\/p>\n\n\n\n<h3 class=\"wp-block-heading\">PLATAFORMAS ATENDIDAS<\/h3>\n\n\n\n<p>O Plug Food funciona nas principais plataformas de smartphone do mercado: Android, IOS, Whats App e tamb\u00e9m pode ser linkado diretamente em seu website. Consulte-nos para informa\u00e7\u00f5es adicionais.<\/p>\n","protected":false},"excerpt":{"rendered":"<p>O QUE \u00c9 O PLUG FOOD Os pedidos via smartphones e whats app vem crescendo a cada dia, e esta \u00e9 uma realidade que n\u00e3o pode mais ser desprezada. Pensando nisso, criamos o Plug Food, um aplicativo totalmente online, exclusivo para o seu estabelecimento. Com ele voc\u00ea poder\u00e1 receber pedidos de seus clientes realizados atrav\u00e9s&hellip; <br \/> <a class=\"read-more\" href=\"https:\/\/plugfood.com.br\/web\/sobre\/\">Leia mais<\/a><\/p>\n","protected":false},"author":1,"featured_media":0,"parent":0,"menu_order":0,"comment_status":"closed","ping_status":"closed","template":"","meta":{"footnotes":""},"_links":{"self":[{"href":"https:\/\/plugfood.com.br\/web\/wp-json\/wp\/v2\/pages\/10"}],"collection":[{"href":"https:\/\/plugfood.com.br\/web\/wp-json\/wp\/v2\/pages"}],"about":[{"href":"https:\/\/plugfood.com.br\/web\/wp-json\/wp\/v2\/types\/page"}],"author":[{"embeddable":true,"href":"https:\/\/plugfood.com.br\/web\/wp-json\/wp\/v2\/users\/1"}],"replies":[{"embeddable":true,"href":"https:\/\/plugfood.com.br\/web\/wp-json\/wp\/v2\/comments?post=10"}],"version-history":[{"count":4,"href":"https:\/\/plugfood.com.br\/web\/wp-json\/wp\/v2\/pages\/10\/revisions"}],"predecessor-version":[{"id":249,"href":"https:\/\/plugfood.com.br\/web\/wp-json\/wp\/v2\/pages\/10\/revisions\/249"}],"wp:attachment":[{"href":"https:\/\/plugfood.com.br\/web\/wp-json\/wp\/v2\/media?parent=10"}],"curies":[{"name":"wp","href":"https:\/\/api.w.org\/{rel}","templated":true}]}}